{"id":665,"date":"2026-04-20T22:12:32","date_gmt":"2026-04-20T20:12:32","guid":{"rendered":"https:\/\/egresados.une.edu.pe\/?page_id=665"},"modified":"2026-04-21T08:06:15","modified_gmt":"2026-04-21T06:06:15","slug":"cursos","status":"publish","type":"page","link":"https:\/\/egresados.une.edu.pe\/index.php\/cursos\/","title":{"rendered":"Cursos"},"content":{"rendered":"\n<div class=\"wp-block-cover\" style=\"min-height:300px;aspect-ratio:unset;\"><img loading=\"lazy\" decoding=\"async\" width=\"1024\" height=\"683\" class=\"wp-block-cover__image-background wp-image-487 size-large\" alt=\"\" src=\"https:\/\/egresados.une.edu.pe\/wp-content\/uploads\/2026\/04\/formacioncontinua-1024x683.png\" style=\"object-position:52% 22%\" data-object-fit=\"cover\" data-object-position=\"52% 22%\" srcset=\"https:\/\/egresados.une.edu.pe\/wp-content\/uploads\/2026\/04\/formacioncontinua-1024x683.png 1024w, https:\/\/egresados.une.edu.pe\/wp-content\/uploads\/2026\/04\/formacioncontinua-300x200.png 300w, https:\/\/egresados.une.edu.pe\/wp-content\/uploads\/2026\/04\/formacioncontinua-768x512.png 768w, https:\/\/egresados.une.edu.pe\/wp-content\/uploads\/2026\/04\/formacioncontinua.png 1536w\" sizes=\"auto, (max-width: 1024px) 100vw, 1024px\" \/><span aria-hidden=\"true\" class=\"wp-block-cover__background has-background-dim\" style=\"background-color:#485ba7\"><\/span><div class=\"wp-block-cover__inner-container is-layout-constrained wp-block-cover-is-layout-constrained\">\n<p class=\"has-text-align-center has-large-font-size\">INICIO &gt;&nbsp;<strong>FORMACI\u00d3N CONTINUA<\/strong><br>Formaci\u00f3n Continua<\/p>\n<\/div><\/div>\n\n\n\n<p><\/p>\n\n\n\n<h2 class=\"wp-block-heading\">CURSOS<\/h2>\n\n\n\n<div class=\"wp-block-media-text is-stacked-on-mobile\"><figure class=\"wp-block-media-text__media\"><img loading=\"lazy\" decoding=\"async\" width=\"723\" height=\"1024\" src=\"https:\/\/egresados.une.edu.pe\/wp-content\/uploads\/2026\/04\/WhatsApp-Image-2026-04-20-at-09.43.34-723x1024.jpeg\" alt=\"\" class=\"wp-image-691 size-full\" srcset=\"https:\/\/egresados.une.edu.pe\/wp-content\/uploads\/2026\/04\/WhatsApp-Image-2026-04-20-at-09.43.34-723x1024.jpeg 723w, https:\/\/egresados.une.edu.pe\/wp-content\/uploads\/2026\/04\/WhatsApp-Image-2026-04-20-at-09.43.34-212x300.jpeg 212w, https:\/\/egresados.une.edu.pe\/wp-content\/uploads\/2026\/04\/WhatsApp-Image-2026-04-20-at-09.43.34-768x1087.jpeg 768w, https:\/\/egresados.une.edu.pe\/wp-content\/uploads\/2026\/04\/WhatsApp-Image-2026-04-20-at-09.43.34-1085x1536.jpeg 1085w, https:\/\/egresados.une.edu.pe\/wp-content\/uploads\/2026\/04\/WhatsApp-Image-2026-04-20-at-09.43.34.jpeg 1130w\" sizes=\"auto, (max-width: 723px) 100vw, 723px\" \/><\/figure><div class=\"wp-block-media-text__content\">\n<h2 class=\"wp-block-heading\">CURSO DE ESPECIALIZACI\u00d3N EN <br>GESTI\u00d3N DUCATIVA INSTITUCIONAL<\/h2>\n\n\n\n<p><strong>INICIO: <\/strong>28 ABRIL<br><strong>TIPO:<\/strong> EXTENSI\u00d3N UNIVERSITARIA<br><strong>MODALIDAD:<\/strong> VIRTUAL<br><br>El curso de <strong>Gesti\u00f3n Educativa Institucional<\/strong> est\u00e1 enfocado en fortalecer las capacidades de planificaci\u00f3n, organizaci\u00f3n y mejora continua dentro de las instituciones educativas, alineando los procesos acad\u00e9micos y administrativos con est\u00e1ndares de calidad.<\/p>\n\n\n\n<p><strong>MATRIC\u00daLATE AQUI:<\/strong><\/p>\n\n\n\n<div class=\"wp-block-buttons is-content-justification-center is-layout-flex wp-container-core-buttons-is-layout-a89b3969 wp-block-buttons-is-layout-flex\">\n<div class=\"wp-block-button has-custom-width wp-block-button__width-75 is-style-fill\"><a class=\"wp-block-button__link has-luminous-vivid-amber-to-luminous-vivid-orange-gradient-background has-background has-large-font-size has-custom-font-size wp-element-button\" href=\"https:\/\/forms.gle\/Eb8yk9CPFVJcK2r67\">INSCRIPCI\u00d3N<\/a><\/div>\n<\/div>\n\n\n\n<p><strong>FORMA DE PAGO:<\/strong><br><br>1: CAJA UNE<br>El pago podr\u00e1 realizarse en la caja de la UNE, utilizando los c\u00f3digos tarifarios 0902 o 0903; asimismo, podr\u00e1 efectuarse a trav\u00e9s del Banco de la Naci\u00f3n, mediante dep\u00f3sito en la cuenta corriente N.\u00b0 00-000-032050, empleando el c\u00f3digo tarifario 0904.<br><br>2: Aplicativo PAGALO.PE<br><\/p>\n\n\n\n<div class=\"wp-block-buttons is-layout-flex wp-block-buttons-is-layout-flex\">\n<div class=\"wp-block-button\"><a class=\"wp-block-button__link has-luminous-vivid-amber-to-luminous-vivid-orange-gradient-background has-background wp-element-button\" href=\"https:\/\/drive.google.com\/file\/d\/1D_GyBhBowj2M_PjHQoEMPw2UNk9s7DmM\/view?usp=sharing\">COMO PAGAR<\/a><\/div>\n<\/div>\n<\/div><\/div>\n\n\n\n<div class=\"wp-block-columns is-layout-flex wp-container-core-columns-is-layout-28f84493 wp-block-columns-is-layout-flex\">\n<div class=\"wp-block-column is-layout-flow wp-block-column-is-layout-flow\">\n<div class=\"wp-block-media-text is-stacked-on-mobile\"><figure class=\"wp-block-media-text__media\"><img loading=\"lazy\" decoding=\"async\" width=\"462\" height=\"500\" src=\"https:\/\/egresados.une.edu.pe\/wp-content\/uploads\/2026\/03\/ponentes-especialistas.jpg\" alt=\"\" class=\"wp-image-123 size-full\" srcset=\"https:\/\/egresados.une.edu.pe\/wp-content\/uploads\/2026\/03\/ponentes-especialistas.jpg 462w, https:\/\/egresados.une.edu.pe\/wp-content\/uploads\/2026\/03\/ponentes-especialistas-277x300.jpg 277w\" sizes=\"auto, (max-width: 462px) 100vw, 462px\" \/><\/figure><div class=\"wp-block-media-text__content\">\n<p><strong>PONENTES ESPECIALISTAS<\/strong><\/p>\n\n\n\n<p>Especialistas en gesti\u00f3n educativa los cuales est\u00e1n listos para brindar y compartir sus conocimientos adem\u00e1s de toda su experiencia sobre gesti\u00f3n en instituciones publicas y privadas de nuestro Pa\u00eds.<\/p>\n<\/div><\/div>\n\n\n\n<div class=\"wp-block-media-text is-stacked-on-mobile\" style=\"grid-template-columns:40% auto\"><figure class=\"wp-block-media-text__media\"><img loading=\"lazy\" decoding=\"async\" width=\"683\" height=\"1024\" src=\"https:\/\/egresados.une.edu.pe\/wp-content\/uploads\/2026\/04\/ChatGPT-Image-20-abr-2026-15_29_15-683x1024.png\" alt=\"\" class=\"wp-image-672 size-full\" srcset=\"https:\/\/egresados.une.edu.pe\/wp-content\/uploads\/2026\/04\/ChatGPT-Image-20-abr-2026-15_29_15-683x1024.png 683w, https:\/\/egresados.une.edu.pe\/wp-content\/uploads\/2026\/04\/ChatGPT-Image-20-abr-2026-15_29_15-200x300.png 200w, https:\/\/egresados.une.edu.pe\/wp-content\/uploads\/2026\/04\/ChatGPT-Image-20-abr-2026-15_29_15-768x1152.png 768w, https:\/\/egresados.une.edu.pe\/wp-content\/uploads\/2026\/04\/ChatGPT-Image-20-abr-2026-15_29_15.png 1024w\" sizes=\"auto, (max-width: 683px) 100vw, 683px\" \/><\/figure><div class=\"wp-block-media-text__content\">\n<p><strong>CONSULTAS A TRAVES DE LLAMADA, WHATSAPP Y CORREOS<\/strong><\/p>\n\n\n\n<p><strong>CELULAR:<\/strong><br>914 579 234<\/p>\n\n\n\n<p><strong>CORREO:<\/strong><br>egresadoyformacioncontinua@une.edu.pe<br>centrocontinua@une.edu.pe<\/p>\n<\/div><\/div>\n<\/div>\n\n\n\n<div class=\"wp-block-column is-layout-flow wp-block-column-is-layout-flow\">\n<div class=\"wp-block-media-text is-stacked-on-mobile\"><figure class=\"wp-block-media-text__media\"><img loading=\"lazy\" decoding=\"async\" width=\"1024\" height=\"536\" src=\"https:\/\/egresados.une.edu.pe\/wp-content\/uploads\/2026\/03\/google-classroom-1-1024x536.jpg\" alt=\"\" class=\"wp-image-124 size-full\" srcset=\"https:\/\/egresados.une.edu.pe\/wp-content\/uploads\/2026\/03\/google-classroom-1-1024x536.jpg 1024w, https:\/\/egresados.une.edu.pe\/wp-content\/uploads\/2026\/03\/google-classroom-1-300x157.jpg 300w, https:\/\/egresados.une.edu.pe\/wp-content\/uploads\/2026\/03\/google-classroom-1-768x402.jpg 768w, https:\/\/egresados.une.edu.pe\/wp-content\/uploads\/2026\/03\/google-classroom-1.jpg 1268w\" sizes=\"auto, (max-width: 1024px) 100vw, 1024px\" \/><\/figure><div class=\"wp-block-media-text__content\">\n<p><strong>CLASES VIRTUALES<\/strong><\/p>\n\n\n\n<p>Las clases son virtuales y se llevan a cabo con la Herramienta Google Clasroom, donde se puede visualizar el material necesario para los participantes. Se puede acceder a material educativo hasta clases grabadas<\/p>\n<\/div><\/div>\n\n\n\n<div class=\"wp-block-media-text is-stacked-on-mobile\" style=\"grid-template-columns:38% auto\"><figure class=\"wp-block-media-text__media\"><img loading=\"lazy\" decoding=\"async\" width=\"683\" height=\"1024\" src=\"https:\/\/egresados.une.edu.pe\/wp-content\/uploads\/2026\/04\/horasycreditos-683x1024.png\" alt=\"\" class=\"wp-image-696 size-full\" srcset=\"https:\/\/egresados.une.edu.pe\/wp-content\/uploads\/2026\/04\/horasycreditos-683x1024.png 683w, https:\/\/egresados.une.edu.pe\/wp-content\/uploads\/2026\/04\/horasycreditos-200x300.png 200w, https:\/\/egresados.une.edu.pe\/wp-content\/uploads\/2026\/04\/horasycreditos-768x1152.png 768w, https:\/\/egresados.une.edu.pe\/wp-content\/uploads\/2026\/04\/horasycreditos.png 1024w\" sizes=\"auto, (max-width: 683px) 100vw, 683px\" \/><\/figure><div class=\"wp-block-media-text__content\">\n<p><strong>PESO ACAD\u00c9MICO<\/strong><\/p>\n\n\n\n<p>Este curso de Especializaci\u00f3n tiene un peso acad\u00e9mico de 120 horas acad\u00e9micas y 5 cr\u00e9ditos.<\/p>\n<\/div><\/div>\n<\/div>\n<\/div>\n\n\n\n<p><\/p>\n","protected":false},"excerpt":{"rendered":"<p>CURSOS PONENTES ESPECIALISTAS Especialistas en gesti\u00f3n educativa los cuales est\u00e1n listos para brindar y compartir sus conocimientos adem\u00e1s de toda [&hellip;]<\/p>\n","protected":false},"author":1,"featured_media":0,"parent":0,"menu_order":0,"comment_status":"closed","ping_status":"closed","template":"","meta":{"site-sidebar-layout":"default","site-content-layout":"","ast-site-content-layout":"default","site-content-style":"default","site-sidebar-style":"default","ast-global-header-display":"","ast-banner-title-visibility":"","ast-main-header-display":"","ast-hfb-above-header-display":"","ast-hfb-below-header-display":"","ast-hfb-mobile-header-display":"","site-post-title":"disabled","ast-breadcrumbs-content":"","ast-featured-img":"","footer-sml-layout":"","ast-disable-related-posts":"","theme-transparent-header-meta":"","adv-header-id-meta":"","stick-header-meta":"","header-above-stick-meta":"","header-main-stick-meta":"","header-below-stick-meta":"","astra-migrate-meta-layouts":"default","ast-page-background-enabled":"default","ast-page-background-meta":{"desktop":{"background-color":"var(--ast-global-color-5)","background-image":"","background-repeat":"repeat","background-position":"center center","background-size":"auto","background-attachment":"scroll","background-type":"","background-media":"","overlay-type":"","overlay-color":"","overlay-opacity":"","overlay-gradient":""},"tablet":{"background-color":"","background-image":"","background-repeat":"repeat","background-position":"center center","background-size":"auto","background-attachment":"scroll","background-type":"","background-media":"","overlay-type":"","overlay-color":"","overlay-opacity":"","overlay-gradient":""},"mobile":{"background-color":"","background-image":"","background-repeat":"repeat","background-position":"center center","background-size":"auto","background-attachment":"scroll","background-type":"","background-media":"","overlay-type":"","overlay-color":"","overlay-opacity":"","overlay-gradient":""}},"ast-content-background-meta":{"desktop":{"background-color":"var(--ast-global-color-4)","background-image":"","background-repeat":"repeat","background-position":"center center","background-size":"auto","background-attachment":"scroll","background-type":"","background-media":"","overlay-type":"","overlay-color":"","overlay-opacity":"","overlay-gradient":""},"tablet":{"background-color":"var(--ast-global-color-4)","background-image":"","background-repeat":"repeat","background-position":"center center","background-size":"auto","background-attachment":"scroll","background-type":"","background-media":"","overlay-type":"","overlay-color":"","overlay-opacity":"","overlay-gradient":""},"mobile":{"background-color":"var(--ast-global-color-4)","background-image":"","background-repeat":"repeat","background-position":"center center","background-size":"auto","background-attachment":"scroll","background-type":"","background-media":"","overlay-type":"","overlay-color":"","overlay-opacity":"","overlay-gradient":""}},"footnotes":""},"class_list":["post-665","page","type-page","status-publish","hentry"],"_links":{"self":[{"href":"https:\/\/egresados.une.edu.pe\/index.php\/wp-json\/wp\/v2\/pages\/665","targetHints":{"allow":["GET"]}}],"collection":[{"href":"https:\/\/egresados.une.edu.pe\/index.php\/wp-json\/wp\/v2\/pages"}],"about":[{"href":"https:\/\/egresados.une.edu.pe\/index.php\/wp-json\/wp\/v2\/types\/page"}],"author":[{"embeddable":true,"href":"https:\/\/egresados.une.edu.pe\/index.php\/wp-json\/wp\/v2\/users\/1"}],"replies":[{"embeddable":true,"href":"https:\/\/egresados.une.edu.pe\/index.php\/wp-json\/wp\/v2\/comments?post=665"}],"version-history":[{"count":8,"href":"https:\/\/egresados.une.edu.pe\/index.php\/wp-json\/wp\/v2\/pages\/665\/revisions"}],"predecessor-version":[{"id":698,"href":"https:\/\/egresados.une.edu.pe\/index.php\/wp-json\/wp\/v2\/pages\/665\/revisions\/698"}],"wp:attachment":[{"href":"https:\/\/egresados.une.edu.pe\/index.php\/wp-json\/wp\/v2\/media?parent=665"}],"curies":[{"name":"wp","href":"https:\/\/api.w.org\/{rel}","templated":true}]}}