{"id":679,"date":"2026-04-20T22:48:09","date_gmt":"2026-04-20T20:48:09","guid":{"rendered":"https:\/\/egresados.une.edu.pe\/?page_id=679"},"modified":"2026-04-20T22:48:10","modified_gmt":"2026-04-20T20:48:10","slug":"conferencias","status":"publish","type":"page","link":"https:\/\/egresados.une.edu.pe\/index.php\/conferencias\/","title":{"rendered":"Conferencias"},"content":{"rendered":"\n<div class=\"wp-block-cover\" style=\"min-height:300px;aspect-ratio:unset;\"><img loading=\"lazy\" decoding=\"async\" width=\"1024\" height=\"683\" class=\"wp-block-cover__image-background wp-image-487 size-large\" alt=\"\" src=\"https:\/\/egresados.une.edu.pe\/wp-content\/uploads\/2026\/04\/formacioncontinua-1024x683.png\" style=\"object-position:55% 25%\" data-object-fit=\"cover\" data-object-position=\"55% 25%\" srcset=\"https:\/\/egresados.une.edu.pe\/wp-content\/uploads\/2026\/04\/formacioncontinua-1024x683.png 1024w, https:\/\/egresados.une.edu.pe\/wp-content\/uploads\/2026\/04\/formacioncontinua-300x200.png 300w, https:\/\/egresados.une.edu.pe\/wp-content\/uploads\/2026\/04\/formacioncontinua-768x512.png 768w, https:\/\/egresados.une.edu.pe\/wp-content\/uploads\/2026\/04\/formacioncontinua.png 1536w\" sizes=\"auto, (max-width: 1024px) 100vw, 1024px\" \/><span aria-hidden=\"true\" class=\"wp-block-cover__background has-background-dim\" style=\"background-color:#485ba7\"><\/span><div class=\"wp-block-cover__inner-container is-layout-constrained wp-block-cover-is-layout-constrained\">\n<p class=\"has-text-align-center has-large-font-size\"><strong>CONFERENCIAS<\/strong><\/p>\n<\/div><\/div>\n\n\n\n<p><\/p>\n\n\n\n<h2 class=\"wp-block-heading\">PROXIMAMENTE CONFERENCIAS<\/h2>\n\n\n\n<p>Las conferencias del a\u00f1o 2026 se publicaran y anunciar\u00e1n por este medio al tener la autorizaci\u00f3n de las autoridades pertinentes para su realizaci\u00f3n.<\/p>\n","protected":false},"excerpt":{"rendered":"<p>PROXIMAMENTE CONFERENCIAS Las conferencias del a\u00f1o 2026 se publicaran y anunciar\u00e1n por este medio al tener la autorizaci\u00f3n de las [&hellip;]<\/p>\n","protected":false},"author":1,"featured_media":0,"parent":0,"menu_order":0,"comment_status":"closed","ping_status":"closed","template":"","meta":{"site-sidebar-layout":"default","site-content-layout":"","ast-site-content-layout":"default","site-content-style":"default","site-sidebar-style":"default","ast-global-header-display":"","ast-banner-title-visibility":"","ast-main-header-display":"","ast-hfb-above-header-display":"","ast-hfb-below-header-display":"","ast-hfb-mobile-header-display":"","site-post-title":"","ast-breadcrumbs-content":"","ast-featured-img":"","footer-sml-layout":"","ast-disable-related-posts":"","theme-transparent-header-meta":"","adv-header-id-meta":"","stick-header-meta":"","header-above-stick-meta":"","header-main-stick-meta":"","header-below-stick-meta":"","astra-migrate-meta-layouts":"default","ast-page-background-enabled":"default","ast-page-background-meta":{"desktop":{"background-color":"var(--ast-global-color-5)","background-image":"","background-repeat":"repeat","background-position":"center center","background-size":"auto","background-attachment":"scroll","background-type":"","background-media":"","overlay-type":"","overlay-color":"","overlay-opacity":"","overlay-gradient":""},"tablet":{"background-color":"","background-image":"","background-repeat":"repeat","background-position":"center center","background-size":"auto","background-attachment":"scroll","background-type":"","background-media":"","overlay-type":"","overlay-color":"","overlay-opacity":"","overlay-gradient":""},"mobile":{"background-color":"","background-image":"","background-repeat":"repeat","background-position":"center center","background-size":"auto","background-attachment":"scroll","background-type":"","background-media":"","overlay-type":"","overlay-color":"","overlay-opacity":"","overlay-gradient":""}},"ast-content-background-meta":{"desktop":{"background-color":"var(--ast-global-color-4)","background-image":"","background-repeat":"repeat","background-position":"center center","background-size":"auto","background-attachment":"scroll","background-type":"","background-media":"","overlay-type":"","overlay-color":"","overlay-opacity":"","overlay-gradient":""},"tablet":{"background-color":"var(--ast-global-color-4)","background-image":"","background-repeat":"repeat","background-position":"center center","background-size":"auto","background-attachment":"scroll","background-type":"","background-media":"","overlay-type":"","overlay-color":"","overlay-opacity":"","overlay-gradient":""},"mobile":{"background-color":"var(--ast-global-color-4)","background-image":"","background-repeat":"repeat","background-position":"center center","background-size":"auto","background-attachment":"scroll","background-type":"","background-media":"","overlay-type":"","overlay-color":"","overlay-opacity":"","overlay-gradient":""}},"footnotes":""},"class_list":["post-679","page","type-page","status-publish","hentry"],"_links":{"self":[{"href":"https:\/\/egresados.une.edu.pe\/index.php\/wp-json\/wp\/v2\/pages\/679","targetHints":{"allow":["GET"]}}],"collection":[{"href":"https:\/\/egresados.une.edu.pe\/index.php\/wp-json\/wp\/v2\/pages"}],"about":[{"href":"https:\/\/egresados.une.edu.pe\/index.php\/wp-json\/wp\/v2\/types\/page"}],"author":[{"embeddable":true,"href":"https:\/\/egresados.une.edu.pe\/index.php\/wp-json\/wp\/v2\/users\/1"}],"replies":[{"embeddable":true,"href":"https:\/\/egresados.une.edu.pe\/index.php\/wp-json\/wp\/v2\/comments?post=679"}],"version-history":[{"count":1,"href":"https:\/\/egresados.une.edu.pe\/index.php\/wp-json\/wp\/v2\/pages\/679\/revisions"}],"predecessor-version":[{"id":680,"href":"https:\/\/egresados.une.edu.pe\/index.php\/wp-json\/wp\/v2\/pages\/679\/revisions\/680"}],"wp:attachment":[{"href":"https:\/\/egresados.une.edu.pe\/index.php\/wp-json\/wp\/v2\/media?parent=679"}],"curies":[{"name":"wp","href":"https:\/\/api.w.org\/{rel}","templated":true}]}}