{"id":9,"date":"2026-03-18T20:54:18","date_gmt":"2026-03-18T19:54:18","guid":{"rendered":"https:\/\/egresados.une.edu.pe\/?page_id=9"},"modified":"2026-04-23T21:25:46","modified_gmt":"2026-04-23T19:25:46","slug":"inicio","status":"publish","type":"page","link":"https:\/\/egresados.une.edu.pe\/","title":{"rendered":"Inicio"},"content":{"rendered":"\n<div class=\"wp-block-cover alignfull is-light has-parallax has-x-large-font-size\" style=\"min-height:643px;aspect-ratio:unset;\"><div class=\"wp-block-cover__image-background wp-image-46 size-full has-parallax\" style=\"background-position:50% 50%;background-image:url(https:\/\/egresados.une.edu.pe\/wp-content\/uploads\/2026\/03\/474210037_594021216717085_2072232436334079527_n-1.jpg)\"><\/div><span aria-hidden=\"true\" class=\"wp-block-cover__background has-background-dim-20 has-background-dim\" style=\"background-color:#8c8c85\"><\/span><div class=\"wp-block-cover__inner-container is-layout-flow wp-block-cover-is-layout-flow\">\n<p class=\"has-text-align-center has-white-color has-text-color has-link-color has-x-large-font-size wp-elements-171fbb8b9c764cf874dbf9b43dd2a1f4\" style=\"border-width:17px\"><strong>OFICINA DE SEGUIMIENTO DEL EGRESADO Y FORMACI\u00d3N CONTINUA<\/strong><\/p>\n\n\n\n<div class=\"wp-block-buttons is-content-justification-center is-layout-flex wp-container-core-buttons-is-layout-a89b3969 wp-block-buttons-is-layout-flex\">\n<div class=\"wp-block-button\"><a class=\"wp-block-button__link has-background has-text-align-left wp-element-button\" href=\"https:\/\/egresados.une.edu.pe\/index.php\/bolsa-de-trabajo\/\" style=\"background:linear-gradient(135deg,rgb(6,147,227) 0%,rgb(142,37,37) 54%,rgb(155,81,224) 100%)\">BOLSA DE TRABAJO<\/a><\/div>\n\n\n\n<div class=\"wp-block-button\"><a class=\"wp-block-button__link has-background wp-element-button\" href=\"https:\/\/egresados.une.edu.pe\/index.php\/contacto\/\" style=\"background:linear-gradient(135deg,rgb(142,37,37) 0%,rgb(142,37,37) 42%,rgb(155,81,224) 100%)\">RED DE EGRESADOS UNE<\/a><\/div>\n\n\n\n<div class=\"wp-block-button\"><a class=\"wp-block-button__link has-background wp-element-button\" href=\"https:\/\/egresados.une.edu.pe\/index.php\/formacion-continua\/\" style=\"background:linear-gradient(135deg,rgb(6,147,227) 0%,rgb(142,37,37) 38%,rgb(155,81,224) 100%)\">DIPLOMADOS<\/a><\/div>\n<\/div>\n\n\n\n<div class=\"wp-block-buttons is-content-justification-center is-layout-flex wp-container-core-buttons-is-layout-a89b3969 wp-block-buttons-is-layout-flex\">\n<div class=\"wp-block-button\"><a class=\"wp-block-button__link has-background wp-element-button\" href=\"https:\/\/egresados.une.edu.pe\/index.php\/cursos\/\" style=\"background:linear-gradient(135deg,rgb(6,147,227) 0%,rgb(0,0,0) 78%,rgb(155,81,224) 100%)\">CURSOS<\/a><\/div>\n\n\n\n<div class=\"wp-block-button\"><a class=\"wp-block-button__link has-background wp-element-button\" href=\"https:\/\/egresados.une.edu.pe\/index.php\/resoluciones\/\" style=\"background:linear-gradient(135deg,rgb(6,147,227) 0%,rgb(37,44,97) 58%,rgb(155,81,224) 100%)\">RESOLUCIONES<\/a><\/div>\n\n\n\n<div class=\"wp-block-button\"><a class=\"wp-block-button__link has-background wp-element-button\" href=\"https:\/\/egresados.une.edu.pe\/index.php\/conferencias\/\" style=\"background:linear-gradient(135deg,rgb(6,147,227) 0%,rgb(37,44,97) 66%,rgb(155,81,224) 100%)\">CONFERENCIAS<\/a><\/div>\n<\/div>\n<\/div><\/div>\n\n\n\n<div class=\"encabezado-pro\">\n  <h1>Bienvenidos a la Red de Egresados UNE<\/h1>\n  <p>Un espacio de conexi\u00f3n, oportunidades y desarrollo profesional continuo<\/p>\n<\/div>\n\n\n<div class=\"n2-section-smartslider fitvidsignore  n2_clear\" data-ssid=\"2\" style=\"height:500px;\"><div id=\"n2-ss-2-align\" class=\"n2-ss-align\"><div class=\"n2-padding\"><template id=\"n2-ss-2_t\" data-loading-type=\"afterOnLoad\"><div id=\"n2-ss-2\" data-creator=\"Smart Slider 3\" data-responsive=\"auto\" class=\"n2-ss-slider n2-ow n2-has-hover n2notransition  \"><div class=\"n2-ss-slider-wrapper-inside\">\n        <div class=\"n2-ss-slider-1 n2_ss__touch_element n2-ow\">\n            <div class=\"n2-ss-slider-2 n2-ow\">\n                                                <div class=\"n2-ss-slider-3 n2-ow\">\n\n                    <div class=\"n2-ss-slide-backgrounds n2-ow-all\"><div class=\"n2-ss-slide-background\" data-public-id=\"1\" data-mode=\"fill\"><div class=\"n2-ss-slide-background-image\" data-blur=\"0\" data-opacity=\"100\" data-x=\"50\" data-y=\"50\" data-alt=\"\" data-title=\"\"><picture class=\"skip-lazy\" data-skip-lazy=\"1\"><img decoding=\"async\" src=\"\/\/egresados.une.edu.pe\/wp-content\/uploads\/2026\/04\/1-4.png\" alt=\"\" title=\"\" loading=\"lazy\" class=\"skip-lazy\" data-skip-lazy=\"1\"><\/picture><\/div><div data-color=\"RGBA(255,255,255,0)\" style=\"background-color: RGBA(255,255,255,0);\" class=\"n2-ss-slide-background-color\"><\/div><\/div><div class=\"n2-ss-slide-background\" data-public-id=\"2\" data-mode=\"fill\" aria-hidden=\"true\"><div class=\"n2-ss-slide-background-image\" data-blur=\"0\" data-opacity=\"100\" data-x=\"50\" data-y=\"50\" data-alt=\"\" data-title=\"\"><picture class=\"skip-lazy\" data-skip-lazy=\"1\"><img decoding=\"async\" src=\"\/\/egresados.une.edu.pe\/wp-content\/uploads\/2026\/04\/CONTACT-CENTER-2.png\" alt=\"\" title=\"\" loading=\"lazy\" class=\"skip-lazy\" data-skip-lazy=\"1\"><\/picture><\/div><div data-color=\"RGBA(255,255,255,0)\" style=\"background-color: RGBA(255,255,255,0);\" class=\"n2-ss-slide-background-color\"><\/div><\/div><div class=\"n2-ss-slide-background\" data-public-id=\"3\" data-mode=\"fill\" aria-hidden=\"true\"><div class=\"n2-ss-slide-background-image\" data-blur=\"0\" data-opacity=\"100\" data-x=\"50\" data-y=\"50\" data-alt=\"\" data-title=\"\"><picture class=\"skip-lazy\" data-skip-lazy=\"1\"><img decoding=\"async\" src=\"\/\/egresados.une.edu.pe\/wp-content\/uploads\/2026\/04\/2.png\" alt=\"\" title=\"\" loading=\"lazy\" class=\"skip-lazy\" data-skip-lazy=\"1\"><\/picture><\/div><div data-color=\"RGBA(255,255,255,0)\" style=\"background-color: RGBA(255,255,255,0);\" class=\"n2-ss-slide-background-color\"><\/div><\/div><\/div>                    <div class=\"n2-ss-slider-4 n2-ow\">\n                        <svg xmlns=\"http:\/\/www.w3.org\/2000\/svg\" viewBox=\"0 0 1200 500\" data-related-device=\"desktopPortrait\" class=\"n2-ow n2-ss-preserve-size n2-ss-preserve-size--slider n2-ss-slide-limiter\"><\/svg><div data-first=\"1\" data-slide-duration=\"0\" data-id=\"16\" data-slide-public-id=\"1\" data-title=\"1\" data-haslink=\"1\" data-href=\"https:\/\/egresados.une.edu.pe\/index.php\/cursos\/\" tabindex=\"0\" role=\"button\" data-n2click=\"url\" data-force-pointer=\"\" class=\"n2-ss-slide n2-ow  n2-ss-slide-16\"><div role=\"note\" class=\"n2-ss-slide--focus\">1<\/div><div class=\"n2-ss-layers-container n2-ss-slide-limiter n2-ow\"><div class=\"n2-ss-layer n2-ow n-uc-Tpy0CeR78aEp\" data-sstype=\"slide\" data-pm=\"default\"><\/div><\/div><\/div><div data-slide-duration=\"0\" data-id=\"10\" data-slide-public-id=\"2\" aria-hidden=\"true\" data-title=\"CONTACT CENTER (2)\" class=\"n2-ss-slide n2-ow  n2-ss-slide-10\"><div role=\"note\" class=\"n2-ss-slide--focus\" tabindex=\"-1\">CONTACT CENTER (2)<\/div><div class=\"n2-ss-layers-container n2-ss-slide-limiter n2-ow\"><div class=\"n2-ss-layer n2-ow n-uc-ciyuSCjN8aFY\" data-sstype=\"slide\" data-pm=\"default\"><\/div><\/div><\/div><div data-slide-duration=\"0\" data-id=\"12\" data-slide-public-id=\"3\" aria-hidden=\"true\" data-title=\"2\" data-haslink=\"1\" data-href=\"https:\/\/egresados.une.edu.pe\/index.php\/formacion-continua\/\" tabindex=\"0\" role=\"button\" data-n2click=\"url\" data-force-pointer=\"\" class=\"n2-ss-slide n2-ow  n2-ss-slide-12\"><div role=\"note\" class=\"n2-ss-slide--focus\">2<\/div><div class=\"n2-ss-layers-container n2-ss-slide-limiter n2-ow\"><div class=\"n2-ss-layer n2-ow n-uc-Z7QJwBXfeQu9\" data-sstype=\"slide\" data-pm=\"default\"><\/div><\/div><\/div>                    <\/div>\n\n                                    <\/div>\n            <\/div>\n        <\/div>\n        <div class=\"n2-ss-slider-controls n2-ss-slider-controls-absolute-left-center\"><div style=\"--widget-offset:15px;\" class=\"n2-ss-widget nextend-arrow n2-ow-all nextend-arrow-previous  nextend-arrow-animated-fade\" data-hide-mobileportrait=\"1\" id=\"n2-ss-2-arrow-previous\" role=\"button\" aria-label=\"previous arrow\" tabindex=\"0\"><img loading=\"lazy\" decoding=\"async\" width=\"32\" height=\"32\" class=\"skip-lazy\" data-skip-lazy=\"1\" src=\"data:image\/svg+xml;base64,PHN2ZyB3aWR0aD0iMzIiIGhlaWdodD0iMzIiIHZpZXdCb3g9IjAgMCAzMiAzMiIgeG1sbnM9Imh0dHA6Ly93d3cudzMub3JnLzIwMDAvc3ZnIj4KICAgIDxwYXRoIGQ9Ik0xMS40MzMgMTUuOTkyTDIyLjY5IDUuNzEyYy4zOTMtLjM5LjM5My0xLjAzIDAtMS40Mi0uMzkzLS4zOS0xLjAzLS4zOS0xLjQyMyAwbC0xMS45OCAxMC45NGMtLjIxLjIxLS4zLjQ5LS4yODUuNzYtLjAxNS4yOC4wNzUuNTYuMjg0Ljc3bDExLjk4IDEwLjk0Yy4zOTMuMzkgMS4wMy4zOSAxLjQyNCAwIC4zOTMtLjQuMzkzLTEuMDMgMC0xLjQybC0xMS4yNTctMTAuMjkiCiAgICAgICAgICBmaWxsPSIjZmZmZmZmIiBvcGFjaXR5PSIwLjgiIGZpbGwtcnVsZT0iZXZlbm9kZCIvPgo8L3N2Zz4=\" alt=\"previous arrow\"><\/div><\/div><div class=\"n2-ss-slider-controls n2-ss-slider-controls-absolute-right-center\"><div style=\"--widget-offset:15px;\" class=\"n2-ss-widget nextend-arrow n2-ow-all nextend-arrow-next  nextend-arrow-animated-fade\" data-hide-mobileportrait=\"1\" id=\"n2-ss-2-arrow-next\" role=\"button\" aria-label=\"next arrow\" tabindex=\"0\"><img loading=\"lazy\" decoding=\"async\" width=\"32\" height=\"32\" class=\"skip-lazy\" data-skip-lazy=\"1\" src=\"data:image\/svg+xml;base64,PHN2ZyB3aWR0aD0iMzIiIGhlaWdodD0iMzIiIHZpZXdCb3g9IjAgMCAzMiAzMiIgeG1sbnM9Imh0dHA6Ly93d3cudzMub3JnLzIwMDAvc3ZnIj4KICAgIDxwYXRoIGQ9Ik0xMC43MjIgNC4yOTNjLS4zOTQtLjM5LTEuMDMyLS4zOS0xLjQyNyAwLS4zOTMuMzktLjM5MyAxLjAzIDAgMS40MmwxMS4yODMgMTAuMjgtMTEuMjgzIDEwLjI5Yy0uMzkzLjM5LS4zOTMgMS4wMiAwIDEuNDIuMzk1LjM5IDEuMDMzLjM5IDEuNDI3IDBsMTIuMDA3LTEwLjk0Yy4yMS0uMjEuMy0uNDkuMjg0LS43Ny4wMTQtLjI3LS4wNzYtLjU1LS4yODYtLjc2TDEwLjcyIDQuMjkzeiIKICAgICAgICAgIGZpbGw9IiNmZmZmZmYiIG9wYWNpdHk9IjAuOCIgZmlsbC1ydWxlPSJldmVub2RkIi8+Cjwvc3ZnPg==\" alt=\"next arrow\"><\/div><\/div><\/div><\/div><\/template><ss3-loader><\/ss3-loader><\/div><\/div><div class=\"n2_clear\"><\/div><\/div>\n\n\n<div class=\"wp-block-media-text is-stacked-on-mobile\" style=\"grid-template-columns:37% auto\"><figure class=\"wp-block-media-text__media\"><img loading=\"lazy\" decoding=\"async\" width=\"1024\" height=\"508\" src=\"https:\/\/egresados.une.edu.pe\/wp-content\/uploads\/2026\/03\/SEYFC-LOGO-2.png\" alt=\"\" class=\"wp-image-75 size-full\" srcset=\"https:\/\/egresados.une.edu.pe\/wp-content\/uploads\/2026\/03\/SEYFC-LOGO-2.png 1024w, https:\/\/egresados.une.edu.pe\/wp-content\/uploads\/2026\/03\/SEYFC-LOGO-2-300x149.png 300w, https:\/\/egresados.une.edu.pe\/wp-content\/uploads\/2026\/03\/SEYFC-LOGO-2-768x381.png 768w\" sizes=\"auto, (max-width: 1024px) 100vw, 1024px\" \/><\/figure><div class=\"wp-block-media-text__content\">\n<p>La Oficina de Seguimiento del Egresado y Formaci\u00f3n Continua (SEyFC) de la Universidad Nacional de Educaci\u00f3n Enrique Guzm\u00e1n y Valle fortalece la vinculaci\u00f3n acad\u00e9mica y profesional de sus egresados, graduados y titulados, promoviendo su inserci\u00f3n laboral. Asimismo, se encarga de continuar su formaci\u00f3n a trav\u00e9s de programas de formaci\u00f3n continua, cursos, talleres y eventos de vinculaci\u00f3n, contribuyendo a su desarrollo profesional permanente.<\/p>\n<\/div><\/div>\n\n\n\n<div class=\"wp-block-buttons is-content-justification-center is-layout-flex wp-container-core-buttons-is-layout-a89b3969 wp-block-buttons-is-layout-flex\">\n<div class=\"wp-block-button has-custom-width wp-block-button__width-25\"><a class=\"wp-block-button__link has-luminous-vivid-amber-to-luminous-vivid-orange-gradient-background has-background wp-element-button\" href=\"https:\/\/drive.google.com\/file\/d\/1Oa9UQN3BPgocydusQQD2JzZVA6BDHW8I\/view?usp=sharing\">BOLETIN INFORMATIVO<\/a><\/div>\n\n\n\n<div class=\"wp-block-button\"><a class=\"wp-block-button__link has-luminous-vivid-amber-to-luminous-vivid-orange-gradient-background has-background wp-element-button\" href=\"https:\/\/drive.google.com\/file\/d\/1tP4uKHyIX-aMQhQhsPw5pfFOyIvM8KBr\/view\">REENCUENTROS<\/a><\/div>\n\n\n\n<div class=\"wp-block-button\"><a class=\"wp-block-button__link has-luminous-vivid-amber-to-luminous-vivid-orange-gradient-background has-background wp-element-button\" href=\"https:\/\/egresados.une.edu.pe\/index.php\/bolsa-de-trabajo\/\">BOLSA DE TRABAJO<\/a><\/div>\n\n\n\n<div class=\"wp-block-button is-style-fill\"><a class=\"wp-block-button__link has-luminous-vivid-amber-to-luminous-vivid-orange-gradient-background has-background wp-element-button\" href=\"https:\/\/egresados.une.edu.pe\/index.php\/nosotros\/\">EQUIPO DE TRABAJO<\/a><\/div>\n<\/div>\n\n\n\n<figure class=\"wp-block-gallery has-nested-images columns-default is-cropped wp-block-gallery-1 is-layout-flex wp-block-gallery-is-layout-flex\">\n<figure class=\"wp-block-image size-large\"><a href=\"https:\/\/drive.google.com\/file\/d\/1Oa9UQN3BPgocydusQQD2JzZVA6BDHW8I\/view?usp=sharing\"><img loading=\"lazy\" decoding=\"async\" width=\"609\" height=\"860\" data-id=\"68\" src=\"https:\/\/egresados.une.edu.pe\/wp-content\/uploads\/2026\/03\/BOLETIN-INFORMATIVO.png\" alt=\"\" class=\"wp-image-68\" srcset=\"https:\/\/egresados.une.edu.pe\/wp-content\/uploads\/2026\/03\/BOLETIN-INFORMATIVO.png 609w, https:\/\/egresados.une.edu.pe\/wp-content\/uploads\/2026\/03\/BOLETIN-INFORMATIVO-212x300.png 212w\" sizes=\"auto, (max-width: 609px) 100vw, 609px\" \/><\/a><figcaption class=\"wp-element-caption\">BOLETIN INFORMATIVO 2026 SEyFC<\/figcaption><\/figure>\n\n\n\n<figure class=\"wp-block-image size-large\"><a href=\"https:\/\/drive.google.com\/file\/d\/1tP4uKHyIX-aMQhQhsPw5pfFOyIvM8KBr\/view?usp=sharing\"><img loading=\"lazy\" decoding=\"async\" width=\"744\" height=\"1024\" data-id=\"69\" src=\"https:\/\/egresados.une.edu.pe\/wp-content\/uploads\/2026\/03\/REENCUENTROS-Y-EVENTOS-UNE-1-744x1024.png\" alt=\"\" class=\"wp-image-69\" srcset=\"https:\/\/egresados.une.edu.pe\/wp-content\/uploads\/2026\/03\/REENCUENTROS-Y-EVENTOS-UNE-1-744x1024.png 744w, https:\/\/egresados.une.edu.pe\/wp-content\/uploads\/2026\/03\/REENCUENTROS-Y-EVENTOS-UNE-1-218x300.png 218w, https:\/\/egresados.une.edu.pe\/wp-content\/uploads\/2026\/03\/REENCUENTROS-Y-EVENTOS-UNE-1-768x1057.png 768w, https:\/\/egresados.une.edu.pe\/wp-content\/uploads\/2026\/03\/REENCUENTROS-Y-EVENTOS-UNE-1.png 915w\" sizes=\"auto, (max-width: 744px) 100vw, 744px\" \/><\/a><figcaption class=\"wp-element-caption\">ACTIVIDADES DE V\u00cdNCULO CON ALMA M\u00c1TER<\/figcaption><\/figure>\n\n\n\n<figure class=\"wp-block-image size-large\"><a href=\"https:\/\/egresados.une.edu.pe\/index.php\/bolsa-de-trabajo\/\"><img loading=\"lazy\" decoding=\"async\" width=\"1024\" height=\"1536\" data-id=\"70\" src=\"https:\/\/egresados.une.edu.pe\/wp-content\/uploads\/2026\/03\/4-683x1024.png\" alt=\"\" class=\"wp-image-70\" srcset=\"https:\/\/egresados.une.edu.pe\/wp-content\/uploads\/2026\/03\/4-683x1024.png 683w, https:\/\/egresados.une.edu.pe\/wp-content\/uploads\/2026\/03\/4-200x300.png 200w, https:\/\/egresados.une.edu.pe\/wp-content\/uploads\/2026\/03\/4-768x1152.png 768w, https:\/\/egresados.une.edu.pe\/wp-content\/uploads\/2026\/03\/4.png 1024w\" sizes=\"auto, (max-width: 1024px) 100vw, 1024px\" \/><\/a><figcaption class=\"wp-element-caption\">BOLSA DE TRABAJO UNE<\/figcaption><\/figure>\n\n\n\n<figure class=\"wp-block-image size-large\"><a href=\"https:\/\/egresados.une.edu.pe\/index.php\/resoluciones\/\"><img loading=\"lazy\" decoding=\"async\" width=\"683\" height=\"1024\" data-id=\"71\" src=\"https:\/\/egresados.une.edu.pe\/wp-content\/uploads\/2026\/03\/8-683x1024.png\" alt=\"\" class=\"wp-image-71\" srcset=\"https:\/\/egresados.une.edu.pe\/wp-content\/uploads\/2026\/03\/8-683x1024.png 683w, https:\/\/egresados.une.edu.pe\/wp-content\/uploads\/2026\/03\/8-200x300.png 200w, https:\/\/egresados.une.edu.pe\/wp-content\/uploads\/2026\/03\/8-768x1152.png 768w, https:\/\/egresados.une.edu.pe\/wp-content\/uploads\/2026\/03\/8.png 1024w\" sizes=\"auto, (max-width: 683px) 100vw, 683px\" \/><\/a><figcaption class=\"wp-element-caption\">RESOLUCIONES APROBADAS<\/figcaption><\/figure>\n\n\n\n<figure class=\"wp-block-image size-large\"><a href=\"https:\/\/egresados.une.edu.pe\/index.php\/formacion-continua\/\"><img loading=\"lazy\" decoding=\"async\" width=\"724\" height=\"1024\" data-id=\"81\" src=\"https:\/\/egresados.une.edu.pe\/wp-content\/uploads\/2026\/03\/FLYER-PARA-LA-PAGINA-WEB-724x1024.png\" alt=\"\" class=\"wp-image-81\" srcset=\"https:\/\/egresados.une.edu.pe\/wp-content\/uploads\/2026\/03\/FLYER-PARA-LA-PAGINA-WEB-724x1024.png 724w, https:\/\/egresados.une.edu.pe\/wp-content\/uploads\/2026\/03\/FLYER-PARA-LA-PAGINA-WEB-212x300.png 212w, https:\/\/egresados.une.edu.pe\/wp-content\/uploads\/2026\/03\/FLYER-PARA-LA-PAGINA-WEB-768x1087.png 768w, https:\/\/egresados.une.edu.pe\/wp-content\/uploads\/2026\/03\/FLYER-PARA-LA-PAGINA-WEB.png 1000w\" sizes=\"auto, (max-width: 724px) 100vw, 724px\" \/><\/a><figcaption class=\"wp-element-caption\">CERTIFICADOS FORMACION CONTINUA<\/figcaption><\/figure>\n\n\n\n<figure class=\"wp-block-image size-large\"><a href=\"https:\/\/egresados.une.edu.pe\/index.php\/nosotros\/\"><img loading=\"lazy\" decoding=\"async\" width=\"721\" height=\"1024\" data-id=\"78\" src=\"https:\/\/egresados.une.edu.pe\/wp-content\/uploads\/2026\/03\/organigrama-1-721x1024.png\" alt=\"\" class=\"wp-image-78\" srcset=\"https:\/\/egresados.une.edu.pe\/wp-content\/uploads\/2026\/03\/organigrama-1-721x1024.png 721w, https:\/\/egresados.une.edu.pe\/wp-content\/uploads\/2026\/03\/organigrama-1-211x300.png 211w, https:\/\/egresados.une.edu.pe\/wp-content\/uploads\/2026\/03\/organigrama-1-768x1090.png 768w, https:\/\/egresados.une.edu.pe\/wp-content\/uploads\/2026\/03\/organigrama-1-1082x1536.png 1082w, https:\/\/egresados.une.edu.pe\/wp-content\/uploads\/2026\/03\/organigrama-1.png 1084w\" sizes=\"auto, (max-width: 721px) 100vw, 721px\" \/><\/a><\/figure>\n<\/figure>\n\n\n\n<p><\/p>\n","protected":false},"excerpt":{"rendered":"<p>Bienvenidos a la Red de Egresados UNE Un espacio de conexi\u00f3n, oportunidades y desarrollo profesional continuo La Oficina de Seguimiento [&hellip;]<\/p>\n","protected":false},"author":1,"featured_media":0,"parent":0,"menu_order":0,"comment_status":"closed","ping_status":"closed","template":"","meta":{"site-sidebar-layout":"default","site-content-layout":"plain-container","ast-site-content-layout":"default","site-content-style":"unboxed","site-sidebar-style":"default","ast-global-header-display":"","ast-banner-title-visibility":"","ast-main-header-display":"","ast-hfb-above-header-display":"","ast-hfb-below-header-display":"","ast-hfb-mobile-header-display":"","site-post-title":"disabled","ast-breadcrumbs-content":"","ast-featured-img":"","footer-sml-layout":"","ast-disable-related-posts":"","theme-transparent-header-meta":"default","adv-header-id-meta":"","stick-header-meta":"","header-above-stick-meta":"","header-main-stick-meta":"","header-below-stick-meta":"","astra-migrate-meta-layouts":"default","ast-page-background-enabled":"default","ast-page-background-meta":{"desktop":{"background-color":"var(--ast-global-color-5)","background-image":"","background-repeat":"repeat","background-position":"center center","background-size":"auto","background-attachment":"scroll","background-type":"","background-media":"","overlay-type":"","overlay-color":"","overlay-opacity":"","overlay-gradient":""},"tablet":{"background-color":"","background-image":"","background-repeat":"repeat","background-position":"center center","background-size":"auto","background-attachment":"scroll","background-type":"","background-media":"","overlay-type":"","overlay-color":"","overlay-opacity":"","overlay-gradient":""},"mobile":{"background-color":"","background-image":"","background-repeat":"repeat","background-position":"center center","background-size":"auto","background-attachment":"scroll","background-type":"","background-media":"","overlay-type":"","overlay-color":"","overlay-opacity":"","overlay-gradient":""}},"ast-content-background-meta":{"desktop":{"background-color":"var(--ast-global-color-4)","background-image":"","background-repeat":"repeat","background-position":"center center","background-size":"auto","background-attachment":"scroll","background-type":"","background-media":"","overlay-type":"","overlay-color":"","overlay-opacity":"","overlay-gradient":""},"tablet":{"background-color":"var(--ast-global-color-4)","background-image":"","background-repeat":"repeat","background-position":"center center","background-size":"auto","background-attachment":"scroll","background-type":"","background-media":"","overlay-type":"","overlay-color":"","overlay-opacity":"","overlay-gradient":""},"mobile":{"background-color":"var(--ast-global-color-4)","background-image":"","background-repeat":"repeat","background-position":"center center","background-size":"auto","background-attachment":"scroll","background-type":"","background-media":"","overlay-type":"","overlay-color":"","overlay-opacity":"","overlay-gradient":""}},"footnotes":""},"class_list":["post-9","page","type-page","status-publish","hentry"],"_links":{"self":[{"href":"https:\/\/egresados.une.edu.pe\/index.php\/wp-json\/wp\/v2\/pages\/9","targetHints":{"allow":["GET"]}}],"collection":[{"href":"https:\/\/egresados.une.edu.pe\/index.php\/wp-json\/wp\/v2\/pages"}],"about":[{"href":"https:\/\/egresados.une.edu.pe\/index.php\/wp-json\/wp\/v2\/types\/page"}],"author":[{"embeddable":true,"href":"https:\/\/egresados.une.edu.pe\/index.php\/wp-json\/wp\/v2\/users\/1"}],"replies":[{"embeddable":true,"href":"https:\/\/egresados.une.edu.pe\/index.php\/wp-json\/wp\/v2\/comments?post=9"}],"version-history":[{"count":42,"href":"https:\/\/egresados.une.edu.pe\/index.php\/wp-json\/wp\/v2\/pages\/9\/revisions"}],"predecessor-version":[{"id":804,"href":"https:\/\/egresados.une.edu.pe\/index.php\/wp-json\/wp\/v2\/pages\/9\/revisions\/804"}],"wp:attachment":[{"href":"https:\/\/egresados.une.edu.pe\/index.php\/wp-json\/wp\/v2\/media?parent=9"}],"curies":[{"name":"wp","href":"https:\/\/api.w.org\/{rel}","templated":true}]}}