{"id":96,"date":"2026-03-23T15:21:15","date_gmt":"2026-03-23T14:21:15","guid":{"rendered":"https:\/\/egresados.une.edu.pe\/?page_id=96"},"modified":"2026-04-21T07:50:39","modified_gmt":"2026-04-21T05:50:39","slug":"contacto","status":"publish","type":"page","link":"https:\/\/egresados.une.edu.pe\/index.php\/contacto\/","title":{"rendered":"RED EGRESADOS"},"content":{"rendered":"\n<div class=\"wp-block-cover\" style=\"min-height:300px;aspect-ratio:unset;\"><img loading=\"lazy\" decoding=\"async\" width=\"1024\" height=\"683\" class=\"wp-block-cover__image-background wp-image-514 size-large\" alt=\"\" src=\"https:\/\/egresados.une.edu.pe\/wp-content\/uploads\/2026\/04\/ChatGPT-Image-15-abr-2026-11_18_34-1024x683.png\" style=\"object-position:52% 21%\" data-object-fit=\"cover\" data-object-position=\"52% 21%\" srcset=\"https:\/\/egresados.une.edu.pe\/wp-content\/uploads\/2026\/04\/ChatGPT-Image-15-abr-2026-11_18_34-1024x683.png 1024w, https:\/\/egresados.une.edu.pe\/wp-content\/uploads\/2026\/04\/ChatGPT-Image-15-abr-2026-11_18_34-300x200.png 300w, https:\/\/egresados.une.edu.pe\/wp-content\/uploads\/2026\/04\/ChatGPT-Image-15-abr-2026-11_18_34-768x512.png 768w, https:\/\/egresados.une.edu.pe\/wp-content\/uploads\/2026\/04\/ChatGPT-Image-15-abr-2026-11_18_34.png 1536w\" sizes=\"auto, (max-width: 1024px) 100vw, 1024px\" \/><span aria-hidden=\"true\" class=\"wp-block-cover__background has-background-dim\" style=\"background-color:#57629e\"><\/span><div class=\"wp-block-cover__inner-container is-layout-constrained wp-block-cover-is-layout-constrained\">\n<p class=\"has-text-align-center has-large-font-size\"><strong>RED DE EGRESADOS UNE<\/strong><\/p>\n<\/div><\/div>\n\n\n\n<h2 class=\"wp-block-heading has-text-align-center\">La Red de Egresados de la UNE es un espacio que permite fortalecer el v\u00ednculo entre la universidad y sus egresados, promoviendo oportunidades laborales, formaci\u00f3n continua y el desarrollo profesional.<\/h2>\n\n\n\n<pre class=\"wp-block-preformatted has-ast-global-color-4-background-color has-background\">MAS DE +500 EGRESADOS PARTICIPANTES EN LOS PROGRAMAS Y ACTIVIDADES DE LA UNIVERSIDAD NACIONAL DE EDUCACI\u00d3N ENRIQUE GUZM\u00c1N Y VALLE!<\/pre>\n\n\n\n<h2 class=\"wp-block-heading\">BENEFICIOS<\/h2>\n\n\n\n<div class=\"beneficios-grid\">\n  <div class=\"beneficio-card\">\ud83d\udcbc Acceso a la Bolsa de Trabajo<\/div>\n  <div class=\"beneficio-card\">\ud83d\udcc5 Invitaci\u00f3n a eventos y capacitaciones<\/div>\n  <div class=\"beneficio-card\">\ud83c\udf93 Participaci\u00f3n en programas de formaci\u00f3n continua<\/div>\n  <div class=\"beneficio-card\">\ud83c\udfc5 Certificados y reconocimientos<\/div>\n  <div class=\"beneficio-card\">\ud83e\udd1d Networking con otros egresados UNE<\/div>\n<\/div>\n\n\n\n<p><\/p>\n\n\n\n<h2 class=\"wp-block-heading\">\ud83d\udccc <strong>Actualiza tus datos y forma parte de la comunidad UNE<\/strong><\/h2>\n\n\n\n<p>Al actualizarnos tus datos con informaci\u00f3n actual obtendr\u00e1s informaci\u00f3n, beneficios, actualizaci\u00f3n y noticias de programas de formaci\u00f3n continua.<\/p>\n\n\n\n<div class=\"wp-block-buttons is-layout-flex wp-block-buttons-is-layout-flex\">\n<div class=\"wp-block-button is-style-fill\"><a class=\"wp-block-button__link has-luminous-vivid-amber-to-luminous-vivid-orange-gradient-background has-background wp-element-button\" href=\"https:\/\/docs.google.com\/forms\/d\/e\/1FAIpQLSdk_0vduTBZQnNZu63nQ06atsUGjdl6t9XTurQLZHZrOeWSvA\/viewform?usp=publish-editor\">REGISTRATE AQU\u00cd<\/a><\/div>\n<\/div>\n\n\n\n<h2 class=\"wp-block-heading\">\ud83d\udccc <strong>Cont\u00e1ctate con nosotros<\/strong><\/h2>\n\n\n\n<div class=\"bloque-contacto\">\n  <p><strong>\ud83d\udce7 Correo:<\/strong><\/p>\n\n  <p>\n    <a href=\"mailto:egresadosyformacioncontinua@une.edu.pe\">\n      egresadosyformacioncontinua@une.edu.pe\n    <\/a>\n  <\/p>\n\n  <p>\n    <a href=\"mailto:centrocontinua@une.edu.pe\">\n      centrocontinua@une.edu.pe\n    <\/a>\n  <\/p>\n<\/div>\n\n\n\n<div class=\"wp-block-group is-content-justification-left is-layout-constrained wp-container-core-group-is-layout-12dd3699 wp-block-group-is-layout-constrained\">\n<div class=\"wp-block-columns is-layout-flex wp-container-core-columns-is-layout-28f84493 wp-block-columns-is-layout-flex\">\n<div class=\"wp-block-column is-layout-flow wp-block-column-is-layout-flow\">\n<div class=\"wp-block-media-text is-stacked-on-mobile\" style=\"grid-template-columns:29% auto\"><figure class=\"wp-block-media-text__media\"><img loading=\"lazy\" decoding=\"async\" width=\"1200\" height=\"1200\" src=\"https:\/\/egresados.une.edu.pe\/wp-content\/uploads\/2026\/04\/logowhatsapp-1.jpg\" alt=\"\" class=\"wp-image-553 size-full\" srcset=\"https:\/\/egresados.une.edu.pe\/wp-content\/uploads\/2026\/04\/logowhatsapp-1.jpg 1200w, https:\/\/egresados.une.edu.pe\/wp-content\/uploads\/2026\/04\/logowhatsapp-1-300x300.jpg 300w, https:\/\/egresados.une.edu.pe\/wp-content\/uploads\/2026\/04\/logowhatsapp-1-1024x1024.jpg 1024w, https:\/\/egresados.une.edu.pe\/wp-content\/uploads\/2026\/04\/logowhatsapp-1-150x150.jpg 150w, https:\/\/egresados.une.edu.pe\/wp-content\/uploads\/2026\/04\/logowhatsapp-1-768x768.jpg 768w\" sizes=\"auto, (max-width: 1200px) 100vw, 1200px\" \/><\/figure><div class=\"wp-block-media-text__content\">\n<p>Escr\u00edbenos al Whatsapp:<br>SEyFC<\/p>\n<\/div><\/div>\n<\/div>\n\n\n\n<div class=\"wp-block-column is-layout-flow wp-block-column-is-layout-flow\">\n<div class=\"wp-block-media-text is-stacked-on-mobile has-medium-font-size\" style=\"grid-template-columns:29% auto\"><figure class=\"wp-block-media-text__media\"><img loading=\"lazy\" decoding=\"async\" width=\"360\" height=\"360\" src=\"https:\/\/egresados.une.edu.pe\/wp-content\/uploads\/2026\/04\/telefono.png\" alt=\"\" class=\"wp-image-556 size-full\" srcset=\"https:\/\/egresados.une.edu.pe\/wp-content\/uploads\/2026\/04\/telefono.png 360w, https:\/\/egresados.une.edu.pe\/wp-content\/uploads\/2026\/04\/telefono-300x300.png 300w, https:\/\/egresados.une.edu.pe\/wp-content\/uploads\/2026\/04\/telefono-150x150.png 150w\" sizes=\"auto, (max-width: 360px) 100vw, 360px\" \/><\/figure><div class=\"wp-block-media-text__content\">\n<p>Ll\u00e1manos al +51<br><strong>914 579 234<\/strong><\/p>\n<\/div><\/div>\n<\/div>\n\n\n\n<div class=\"wp-block-column is-layout-flow wp-block-column-is-layout-flow\"><\/div>\n<\/div>\n<\/div>\n\n\n\n<h2 class=\"wp-block-heading\">\ud83d\udccc <strong>Ub\u00edcanos<\/strong><\/h2>\n\n\n\n<iframe src=\"https:\/\/www.google.com\/maps\/embed?pb=!1m14!1m8!1m3!1d15613.56815824907!2d-76.70075500000002!3d-11.947336!3m2!1i1024!2i768!4f13.1!3m3!1m2!1s0x9105ef6f94a57e45%3A0xe5e685726a09e23b!2sUniversidad%20Nacional%20de%20Educaci%C3%B3n%20Enrique%20Guzm%C3%A1n%20y%20Valle!5e0!3m2!1ses!2sus!4v1776280357387!5m2!1ses!2sus\" width=\"600\" height=\"450\" style=\"border:0;\" allowfullscreen=\"\" loading=\"lazy\" referrerpolicy=\"no-referrer-when-downgrade\"><\/iframe>\n\n\n\n<p><strong>Direcci\u00f3n:<\/strong><br>\nAv. Enrique Guzm\u00e1n y Valle s\/n, La Cantuta, Chosica, Lima<\/p>\n","protected":false},"excerpt":{"rendered":"<p>La Red de Egresados de la UNE es un espacio que permite fortalecer el v\u00ednculo entre la universidad y sus [&hellip;]<\/p>\n","protected":false},"author":1,"featured_media":0,"parent":0,"menu_order":0,"comment_status":"closed","ping_status":"closed","template":"","meta":{"site-sidebar-layout":"default","site-content-layout":"","ast-site-content-layout":"default","site-content-style":"default","site-sidebar-style":"default","ast-global-header-display":"","ast-banner-title-visibility":"","ast-main-header-display":"","ast-hfb-above-header-display":"","ast-hfb-below-header-display":"","ast-hfb-mobile-header-display":"","site-post-title":"disabled","ast-breadcrumbs-content":"","ast-featured-img":"","footer-sml-layout":"","ast-disable-related-posts":"","theme-transparent-header-meta":"","adv-header-id-meta":"","stick-header-meta":"","header-above-stick-meta":"","header-main-stick-meta":"","header-below-stick-meta":"","astra-migrate-meta-layouts":"default","ast-page-background-enabled":"default","ast-page-background-meta":{"desktop":{"background-color":"var(--ast-global-color-5)","background-image":"","background-repeat":"repeat","background-position":"center center","background-size":"auto","background-attachment":"scroll","background-type":"","background-media":"","overlay-type":"","overlay-color":"","overlay-opacity":"","overlay-gradient":""},"tablet":{"background-color":"","background-image":"","background-repeat":"repeat","background-position":"center center","background-size":"auto","background-attachment":"scroll","background-type":"","background-media":"","overlay-type":"","overlay-color":"","overlay-opacity":"","overlay-gradient":""},"mobile":{"background-color":"","background-image":"","background-repeat":"repeat","background-position":"center center","background-size":"auto","background-attachment":"scroll","background-type":"","background-media":"","overlay-type":"","overlay-color":"","overlay-opacity":"","overlay-gradient":""}},"ast-content-background-meta":{"desktop":{"background-color":"var(--ast-global-color-4)","background-image":"","background-repeat":"repeat","background-position":"center center","background-size":"auto","background-attachment":"scroll","background-type":"","background-media":"","overlay-type":"","overlay-color":"","overlay-opacity":"","overlay-gradient":""},"tablet":{"background-color":"var(--ast-global-color-4)","background-image":"","background-repeat":"repeat","background-position":"center center","background-size":"auto","background-attachment":"scroll","background-type":"","background-media":"","overlay-type":"","overlay-color":"","overlay-opacity":"","overlay-gradient":""},"mobile":{"background-color":"var(--ast-global-color-4)","background-image":"","background-repeat":"repeat","background-position":"center center","background-size":"auto","background-attachment":"scroll","background-type":"","background-media":"","overlay-type":"","overlay-color":"","overlay-opacity":"","overlay-gradient":""}},"footnotes":""},"class_list":["post-96","page","type-page","status-publish","hentry"],"_links":{"self":[{"href":"https:\/\/egresados.une.edu.pe\/index.php\/wp-json\/wp\/v2\/pages\/96","targetHints":{"allow":["GET"]}}],"collection":[{"href":"https:\/\/egresados.une.edu.pe\/index.php\/wp-json\/wp\/v2\/pages"}],"about":[{"href":"https:\/\/egresados.une.edu.pe\/index.php\/wp-json\/wp\/v2\/types\/page"}],"author":[{"embeddable":true,"href":"https:\/\/egresados.une.edu.pe\/index.php\/wp-json\/wp\/v2\/users\/1"}],"replies":[{"embeddable":true,"href":"https:\/\/egresados.une.edu.pe\/index.php\/wp-json\/wp\/v2\/comments?post=96"}],"version-history":[{"count":27,"href":"https:\/\/egresados.une.edu.pe\/index.php\/wp-json\/wp\/v2\/pages\/96\/revisions"}],"predecessor-version":[{"id":687,"href":"https:\/\/egresados.une.edu.pe\/index.php\/wp-json\/wp\/v2\/pages\/96\/revisions\/687"}],"wp:attachment":[{"href":"https:\/\/egresados.une.edu.pe\/index.php\/wp-json\/wp\/v2\/media?parent=96"}],"curies":[{"name":"wp","href":"https:\/\/api.w.org\/{rel}","templated":true}]}}